{"id":10992,"date":"2017-08-31T14:56:12","date_gmt":"2017-08-31T13:56:12","guid":{"rendered":"http:\/\/www.andreclaude.fr\/web\/?post_type=product&#038;p=10992"},"modified":"2024-10-15T09:53:42","modified_gmt":"2024-10-15T08:53:42","slug":"nougat-tendre-aux-amandes-barre-de-100-g","status":"publish","type":"product","link":"https:\/\/www.andreclaude.fr\/web\/index.php\/produit\/nougat-tendre-aux-amandes-barre-de-100-g\/","title":{"rendered":"Nougat tendre aux amandes barre de 50 g"},"content":{"rendered":"<p>Maison Bor<\/p>\n<p>&nbsp;<\/p>\n","protected":false},"excerpt":{"rendered":"<p>Cette barre 50 g de Nougat tendre se glissera facilement dans votre poche. Vous pourrez consommer cette confiserie traditionnelle seul ou \u00e0 deux. Vous profiterez pleinement de ce m\u00e9lange de saveurs d&rsquo;amandes et de Miel. Facile \u00e0 d\u00e9guster.<\/p>\n<p>Ingr\u00e9dients : sucre, glucose,<strong> amandes grill\u00e9es<\/strong> 15%, vanilline, <strong>blancs d<\/strong>&lsquo;<strong>oeuf<\/strong>, miel.<\/p>\n<p>Distribution confiserie foraine<\/p>\n<p>Peut contenir des traces d&rsquo;autres fruits \u00e0 coque.<\/p>\n<p>Valeurs nutritionnelles moyennes pour 100g :<\/p>\n<p>Energie : 398Kcal 1665KJ<\/p>\n<p>Mati\u00e8res grasses 1.7g dont acides gars satur\u00e9s : 1.7g<\/p>\n<p>Glucides : 92g dont sucres\u00a0 83g<\/p>\n<p>Prot\u00e9ines : 3.3g<\/p>\n<p>sel : 0.33g<\/p>\n<p>&nbsp;<\/p>\n","protected":false},"featured_media":10993,"comment_status":"closed","ping_status":"closed","template":"","meta":[],"product_cat":[194,176],"product_tag":[],"jetpack_publicize_connections":[],"_links":{"self":[{"href":"https:\/\/www.andreclaude.fr\/web\/index.php\/wp-json\/wp\/v2\/product\/10992"}],"collection":[{"href":"https:\/\/www.andreclaude.fr\/web\/index.php\/wp-json\/wp\/v2\/product"}],"about":[{"href":"https:\/\/www.andreclaude.fr\/web\/index.php\/wp-json\/wp\/v2\/types\/product"}],"replies":[{"embeddable":true,"href":"https:\/\/www.andreclaude.fr\/web\/index.php\/wp-json\/wp\/v2\/comments?post=10992"}],"wp:featuredmedia":[{"embeddable":true,"href":"https:\/\/www.andreclaude.fr\/web\/index.php\/wp-json\/wp\/v2\/media\/10993"}],"wp:attachment":[{"href":"https:\/\/www.andreclaude.fr\/web\/index.php\/wp-json\/wp\/v2\/media?parent=10992"}],"wp:term":[{"taxonomy":"product_cat","embeddable":true,"href":"https:\/\/www.andreclaude.fr\/web\/index.php\/wp-json\/wp\/v2\/product_cat?post=10992"},{"taxonomy":"product_tag","embeddable":true,"href":"https:\/\/www.andreclaude.fr\/web\/index.php\/wp-json\/wp\/v2\/product_tag?post=10992"}],"curies":[{"name":"wp","href":"https:\/\/api.w.org\/{rel}","templated":true}]}}