{"id":10975,"date":"2017-08-25T08:06:26","date_gmt":"2017-08-25T07:06:26","guid":{"rendered":"http:\/\/www.andreclaude.fr\/web\/?post_type=product&#038;p=10975"},"modified":"2022-01-27T11:46:02","modified_gmt":"2022-01-27T10:46:02","slug":"rouille-le-pot-de-90g","status":"publish","type":"product","link":"https:\/\/www.andreclaude.fr\/web\/index.php\/produit\/rouille-le-pot-de-90g\/","title":{"rendered":"Sauce Rouille pour la soupe le pot de 90g"},"content":{"rendered":"<p>Distribu\u00e9 par<\/p>\n<p>SDP Rungis<\/p>\n<p>6 Rue des oliviers<\/p>\n<p>94537 Orly<\/p>\n","protected":false},"excerpt":{"rendered":"<p>Quelquefois appel\u00e9e mayonnaise proven\u00e7ale, la rouille est servie avec la bouillabaisse, ou la soupe de poissons \u00e0 la s\u00e9toise, et accompagne les plats de poisson, les crustac\u00e9s et les poulpes.<\/p>\n<p>Ingr\u00e9dients : huile de tournesol, <strong>lait<\/strong>, m\u00e9lange d&rsquo;\u00e9pices (piment doux, ail semoule, sel, chapelure (<strong>gluten<\/strong>) poivre, piment fort, moutarde) Jaune d&rsquo;<strong>oeuf<\/strong>, <strong>moutarde<\/strong>. Concentr\u00e9 de citron, sel, \u00e9paississant: gomme de xanthane et guar. <strong>Traces possibles de c\u00e9leri, soja, s\u00e9same, lupin, fruits \u00e0 coque.<\/strong><\/p>\n<p>Valeurs nutritionnelles pour 100g<\/p>\n<p>Energie : 2060kj\/500kcal<\/p>\n<p>Mati\u00e8res grasses : 51.1g dont satur\u00e9es : 6.1g<\/p>\n<p>Glucides : 505g dont sucres 2.4g<\/p>\n<p>Fibres alimentaires : 0.7g<\/p>\n<p>Prot\u00e9ines : 3g<\/p>\n<p>Sel : 2.2g<\/p>\n<p>&nbsp;<\/p>\n","protected":false},"featured_media":10976,"comment_status":"closed","ping_status":"closed","template":"","meta":[],"product_cat":[194,171,179],"product_tag":[],"jetpack_publicize_connections":[],"_links":{"self":[{"href":"https:\/\/www.andreclaude.fr\/web\/index.php\/wp-json\/wp\/v2\/product\/10975"}],"collection":[{"href":"https:\/\/www.andreclaude.fr\/web\/index.php\/wp-json\/wp\/v2\/product"}],"about":[{"href":"https:\/\/www.andreclaude.fr\/web\/index.php\/wp-json\/wp\/v2\/types\/product"}],"replies":[{"embeddable":true,"href":"https:\/\/www.andreclaude.fr\/web\/index.php\/wp-json\/wp\/v2\/comments?post=10975"}],"wp:featuredmedia":[{"embeddable":true,"href":"https:\/\/www.andreclaude.fr\/web\/index.php\/wp-json\/wp\/v2\/media\/10976"}],"wp:attachment":[{"href":"https:\/\/www.andreclaude.fr\/web\/index.php\/wp-json\/wp\/v2\/media?parent=10975"}],"wp:term":[{"taxonomy":"product_cat","embeddable":true,"href":"https:\/\/www.andreclaude.fr\/web\/index.php\/wp-json\/wp\/v2\/product_cat?post=10975"},{"taxonomy":"product_tag","embeddable":true,"href":"https:\/\/www.andreclaude.fr\/web\/index.php\/wp-json\/wp\/v2\/product_tag?post=10975"}],"curies":[{"name":"wp","href":"https:\/\/api.w.org\/{rel}","templated":true}]}}