{"id":10965,"date":"2017-08-24T11:06:59","date_gmt":"2017-08-24T10:06:59","guid":{"rendered":"http:\/\/www.andreclaude.fr\/web\/?post_type=product&#038;p=10965"},"modified":"2022-11-18T09:20:37","modified_gmt":"2022-11-18T08:20:37","slug":"soupe-de-poisson-a-la-setoise-la-bouteille-de-1-litre","status":"publish","type":"product","link":"https:\/\/www.andreclaude.fr\/web\/index.php\/produit\/soupe-de-poisson-a-la-setoise-la-bouteille-de-1-litre\/","title":{"rendered":"Soupe de poisson \u00e0 la S\u00e9toise bouteille 1 litre"},"content":{"rendered":"<p>Distrazur<\/p>\n<p>26780 Malataverne<\/p>\n<p>&nbsp;<\/p>\n","protected":false},"excerpt":{"rendered":"<p>Soupe contenant 30 % de poisson.<\/p>\n<p>Ingr\u00e9dients :<\/p>\n<p>Eau, <strong>poissons 30%, <\/strong>concentr\u00e9 de tomate, vin blanc, huile d&rsquo;olive vierge extra, \u00e9pices, plantes aromatiques, sel, \u00e9paississant : gomme de xanthane, colorant : ol\u00e9or\u00e9sine de paprika.<\/p>\n<p>Valeurs nutritionnelles moyennes pour 100 g<\/p>\n<p>Energie : 155kj\/37kcal<\/p>\n<p>Mati\u00e8res grasses : 1.1g dont acides gras satur\u00e9s : 0.3g<\/p>\n<p>Glucides : 1.2g dont sucres 0.5g<\/p>\n<p>Fibres alimentaires : 0.7g<\/p>\n<p>Prot\u00e9ines : 5.2g<\/p>\n<p>Sel 1g<\/p>\n<p>&nbsp;<\/p>\n","protected":false},"featured_media":10966,"comment_status":"closed","ping_status":"closed","template":"","meta":[],"product_cat":[215,194],"product_tag":[],"jetpack_publicize_connections":[],"_links":{"self":[{"href":"https:\/\/www.andreclaude.fr\/web\/index.php\/wp-json\/wp\/v2\/product\/10965"}],"collection":[{"href":"https:\/\/www.andreclaude.fr\/web\/index.php\/wp-json\/wp\/v2\/product"}],"about":[{"href":"https:\/\/www.andreclaude.fr\/web\/index.php\/wp-json\/wp\/v2\/types\/product"}],"replies":[{"embeddable":true,"href":"https:\/\/www.andreclaude.fr\/web\/index.php\/wp-json\/wp\/v2\/comments?post=10965"}],"wp:featuredmedia":[{"embeddable":true,"href":"https:\/\/www.andreclaude.fr\/web\/index.php\/wp-json\/wp\/v2\/media\/10966"}],"wp:attachment":[{"href":"https:\/\/www.andreclaude.fr\/web\/index.php\/wp-json\/wp\/v2\/media?parent=10965"}],"wp:term":[{"taxonomy":"product_cat","embeddable":true,"href":"https:\/\/www.andreclaude.fr\/web\/index.php\/wp-json\/wp\/v2\/product_cat?post=10965"},{"taxonomy":"product_tag","embeddable":true,"href":"https:\/\/www.andreclaude.fr\/web\/index.php\/wp-json\/wp\/v2\/product_tag?post=10965"}],"curies":[{"name":"wp","href":"https:\/\/api.w.org\/{rel}","templated":true}]}}