{"id":10944,"date":"2017-08-19T11:06:48","date_gmt":"2017-08-19T10:06:48","guid":{"rendered":"http:\/\/www.andreclaude.fr\/web\/?post_type=product&#038;p=10944"},"modified":"2023-02-07T11:02:45","modified_gmt":"2023-02-07T10:02:45","slug":"yaourt-malo-les-quatre","status":"publish","type":"product","link":"https:\/\/www.andreclaude.fr\/web\/index.php\/produit\/yaourt-malo-les-quatre\/","title":{"rendered":"Yaourt Malo nature les quatre"},"content":{"rendered":"<p>Laiterie de Saint Malo<\/p>\n<p>35400 Saint Malo<\/p>\n","protected":false},"excerpt":{"rendered":"<p>Depuis 60 ans, c\u2019est le produit embl\u00e9matique de MALO, garant du savoir-faire de la marque.<\/p>\n<p>Sa fermet\u00e9 et sa l\u00e9g\u00e8re acidit\u00e9 combleront les amateurs les plus exigeants.<\/p>\n<p>Yaourt au <strong>lait<\/strong> partiellement \u00e9cr\u00e9m\u00e9 , pasteuris\u00e9, nature<\/p>\n<p>Ingr\u00e9dients :<strong>lait<\/strong> partiellement \u00e9cr\u00e9m\u00e9, pasteuris\u00e9 87%, concentr\u00e9 de <strong>lait<\/strong> \u00e9cr\u00e9m\u00e9, ferments <strong>lactiques<\/strong><\/p>\n<p>Valeurs nutritionnelles moyennes pour 100 g<\/p>\n<p>Energie : 230kj\/55kcal<\/p>\n<p>Mati\u00e8res grasses : 1.1g dont acides gras satur\u00e9s 0.8g<\/p>\n<p>Glucides : 6.5g dont sucres 6.5g<\/p>\n<p>Prot\u00e9ines : 4.5g<\/p>\n<p>sel : 0.12g<\/p>\n<p>&nbsp;<\/p>\n","protected":false},"featured_media":13429,"comment_status":"closed","ping_status":"closed","template":"","meta":[],"product_cat":[194,166],"product_tag":[],"jetpack_publicize_connections":[],"_links":{"self":[{"href":"https:\/\/www.andreclaude.fr\/web\/index.php\/wp-json\/wp\/v2\/product\/10944"}],"collection":[{"href":"https:\/\/www.andreclaude.fr\/web\/index.php\/wp-json\/wp\/v2\/product"}],"about":[{"href":"https:\/\/www.andreclaude.fr\/web\/index.php\/wp-json\/wp\/v2\/types\/product"}],"replies":[{"embeddable":true,"href":"https:\/\/www.andreclaude.fr\/web\/index.php\/wp-json\/wp\/v2\/comments?post=10944"}],"wp:featuredmedia":[{"embeddable":true,"href":"https:\/\/www.andreclaude.fr\/web\/index.php\/wp-json\/wp\/v2\/media\/13429"}],"wp:attachment":[{"href":"https:\/\/www.andreclaude.fr\/web\/index.php\/wp-json\/wp\/v2\/media?parent=10944"}],"wp:term":[{"taxonomy":"product_cat","embeddable":true,"href":"https:\/\/www.andreclaude.fr\/web\/index.php\/wp-json\/wp\/v2\/product_cat?post=10944"},{"taxonomy":"product_tag","embeddable":true,"href":"https:\/\/www.andreclaude.fr\/web\/index.php\/wp-json\/wp\/v2\/product_tag?post=10944"}],"curies":[{"name":"wp","href":"https:\/\/api.w.org\/{rel}","templated":true}]}}