{"id":10894,"date":"2017-07-28T10:26:41","date_gmt":"2017-07-28T09:26:41","guid":{"rendered":"http:\/\/www.andreclaude.fr\/web\/?post_type=product&#038;p=10894"},"modified":"2023-05-11T08:33:40","modified_gmt":"2023-05-11T07:33:40","slug":"l-j-cote-de-nuits-villages-le-vaucrain-75-cl-2013","status":"publish","type":"product","link":"https:\/\/www.andreclaude.fr\/web\/index.php\/produit\/l-j-cote-de-nuits-villages-le-vaucrain-75-cl-2013\/","title":{"rendered":"L.J. C\u00f4te de Nuits-Villages Le Vaucrain 75 cl 2016"},"content":{"rendered":"","protected":false},"excerpt":{"rendered":"<p>Le C\u00f4te de Nuits-Villages \u00ab\u00a0Le Vaucrain\u00a0\u00bb rouge de la Maison Jadot est un vin soyeux, assez color\u00e9, structur\u00e9 avec des tanins \u00e9l\u00e9gants, pr\u00e9sentant des ar\u00f4mes de petits fruits rouges et noirs, de r\u00e9glisse \u00e9galement, puis des ar\u00f4mes animaux en vieillissant. Il sera un compagnon id\u00e9al pour des viandes rouges grill\u00e9es, r\u00f4ties ou en sauce de m\u00eame que la plupart des fromages. Dans des ann\u00e9es plus tanniques, il supportera gibiers \u00e0 poil et marinades diverses.<\/p>\n<p>Alcool 13 % Contient des sulfites.<\/p>\n<p>Maison Louis Jadot <span class=\"LrzXr\">Route de Savigny, 21200 Beaune<\/span><\/p>\n<p>La consommation de boissons alcoolis\u00e9es pendant la grossesse, m\u00eame en faible quantit\u00e9, peut avoir des cons\u00e9quences graves sur la sant\u00e9 de l\u2019enfant.<\/p>\n<p>LA VENTE D ALCOOL EST INTERDITE AUX MINEURS.<\/p>\n<p>L ABUS D ALCOOL EST DANGEREUX POUR LA SANTE. A CONSOMMER AVEC MODERATION.<\/p>\n","protected":false},"featured_media":14438,"comment_status":"closed","ping_status":"closed","template":"","meta":[],"product_cat":[194,158],"product_tag":[],"jetpack_publicize_connections":[],"_links":{"self":[{"href":"https:\/\/www.andreclaude.fr\/web\/index.php\/wp-json\/wp\/v2\/product\/10894"}],"collection":[{"href":"https:\/\/www.andreclaude.fr\/web\/index.php\/wp-json\/wp\/v2\/product"}],"about":[{"href":"https:\/\/www.andreclaude.fr\/web\/index.php\/wp-json\/wp\/v2\/types\/product"}],"replies":[{"embeddable":true,"href":"https:\/\/www.andreclaude.fr\/web\/index.php\/wp-json\/wp\/v2\/comments?post=10894"}],"wp:featuredmedia":[{"embeddable":true,"href":"https:\/\/www.andreclaude.fr\/web\/index.php\/wp-json\/wp\/v2\/media\/14438"}],"wp:attachment":[{"href":"https:\/\/www.andreclaude.fr\/web\/index.php\/wp-json\/wp\/v2\/media?parent=10894"}],"wp:term":[{"taxonomy":"product_cat","embeddable":true,"href":"https:\/\/www.andreclaude.fr\/web\/index.php\/wp-json\/wp\/v2\/product_cat?post=10894"},{"taxonomy":"product_tag","embeddable":true,"href":"https:\/\/www.andreclaude.fr\/web\/index.php\/wp-json\/wp\/v2\/product_tag?post=10894"}],"curies":[{"name":"wp","href":"https:\/\/api.w.org\/{rel}","templated":true}]}}