{"id":10891,"date":"2017-07-28T08:36:08","date_gmt":"2017-07-28T07:36:08","guid":{"rendered":"http:\/\/www.andreclaude.fr\/web\/?post_type=product&#038;p=10891"},"modified":"2025-12-19T07:57:08","modified_gmt":"2025-12-19T06:57:08","slug":"l-j-pommard-clos-de-la-commaraine-300-cl-2009","status":"publish","type":"product","link":"https:\/\/www.andreclaude.fr\/web\/index.php\/produit\/l-j-pommard-clos-de-la-commaraine-300-cl-2009\/","title":{"rendered":"L.J. Pommard Clos de la Commaraine 300 cl 2009"},"content":{"rendered":"","protected":false},"excerpt":{"rendered":"<p>Le Pommard 1er Cru \u00ab\u00a0Clos de la Commaraine\u00a0\u00bb est un vin riche assez typique de Pommard, par sa masculinit\u00e9, sa profondeur, sa tension aromatique dans sa jeunesse mais qui gagne assez rapidement en d\u00e9licatesse (3 \u00e0 4 ans). C&rsquo;est un vin de garde. Il sera un compagnon id\u00e9al pour des viandes assez fortes ou \u00e9pic\u00e9s comme les gibiers, les viandes marin\u00e9es ainsi que la majorit\u00e9 des fromages<\/p>\n<p>Alcool 13.5 % Contient des sulfites.<\/p>\n<p>Maison Louis Jadot <span class=\"LrzXr\">Route de Savigny, 21200 Beaune<\/span><\/p>\n<p>La consommation de boissons alcoolis\u00e9es pendant la grossesse, m\u00eame en faible quantit\u00e9, peut avoir des cons\u00e9quences graves sur la sant\u00e9 de l\u2019enfant.<\/p>\n<p>LA VENTE D ALCOOL EST INTERDITE AUX MINEURS.<\/p>\n<p>L ABUS D ALCOOL EST DANGEREUX POUR LA SANTE. A CONSOMMER AVEC MODERATION.<\/p>\n","protected":false},"featured_media":20411,"comment_status":"closed","ping_status":"closed","template":"","meta":[],"product_cat":[194,158],"product_tag":[],"jetpack_publicize_connections":[],"_links":{"self":[{"href":"https:\/\/www.andreclaude.fr\/web\/index.php\/wp-json\/wp\/v2\/product\/10891"}],"collection":[{"href":"https:\/\/www.andreclaude.fr\/web\/index.php\/wp-json\/wp\/v2\/product"}],"about":[{"href":"https:\/\/www.andreclaude.fr\/web\/index.php\/wp-json\/wp\/v2\/types\/product"}],"replies":[{"embeddable":true,"href":"https:\/\/www.andreclaude.fr\/web\/index.php\/wp-json\/wp\/v2\/comments?post=10891"}],"wp:featuredmedia":[{"embeddable":true,"href":"https:\/\/www.andreclaude.fr\/web\/index.php\/wp-json\/wp\/v2\/media\/20411"}],"wp:attachment":[{"href":"https:\/\/www.andreclaude.fr\/web\/index.php\/wp-json\/wp\/v2\/media?parent=10891"}],"wp:term":[{"taxonomy":"product_cat","embeddable":true,"href":"https:\/\/www.andreclaude.fr\/web\/index.php\/wp-json\/wp\/v2\/product_cat?post=10891"},{"taxonomy":"product_tag","embeddable":true,"href":"https:\/\/www.andreclaude.fr\/web\/index.php\/wp-json\/wp\/v2\/product_tag?post=10891"}],"curies":[{"name":"wp","href":"https:\/\/api.w.org\/{rel}","templated":true}]}}