{"id":10579,"date":"2017-05-12T07:44:51","date_gmt":"2017-05-12T06:44:51","guid":{"rendered":"http:\/\/www.andreclaude.fr\/web\/?post_type=product&#038;p=10579"},"modified":"2022-09-07T08:23:27","modified_gmt":"2022-09-07T07:23:27","slug":"fromage-de-brebis-des-pyrenees-les-100g","status":"publish","type":"product","link":"https:\/\/www.andreclaude.fr\/web\/index.php\/produit\/fromage-de-brebis-des-pyrenees-les-100g\/","title":{"rendered":"Fromage de brebis des Pyr\u00e9n\u00e9es part env. 165g"},"content":{"rendered":"<p>ROY BERGER CHISTERA<\/p>\n<p>Chez le fromager,<\/p>\n<p>Rue de la Tendelle<\/p>\n<p>48000 Mende France<\/p>\n","protected":false},"excerpt":{"rendered":"<p>C&rsquo;est le fromage qui repr\u00e9sente le mieux le pays Basque. C&rsquo;est une tomme avec une cro\u00fbte un peu \u00e9paisse de couleur gris\u00e2tre \u00e0 jaune orang\u00e9. Sa p\u00e2te est blanche de consistance ferme .<b><br \/>\n<\/b><\/p>\n<p>Ingr\u00e9dients : <strong>lait<\/strong> pasteuris\u00e9 de brebis (origine UE) sel, pr\u00e9sure, ferments lactiques, colorants de cro\u00fbte :E153, E160b, E150c, conservateurs de cro\u00fbte : E202 E235<\/p>\n<p>Fabriqu\u00e9 et conditionn\u00e9 dans un atelier utilisant du <strong>lait<\/strong> de vache, de ch\u00e8vre et de brebis.<\/p>\n<p>Valeurs nutritionnelles moyennes pour 100g<\/p>\n<p>Energie : 1658kj\/400kcal<\/p>\n<p>Mati\u00e8res grasses : 34g dont acides gras satur\u00e9s 25g<\/p>\n<p>Glucides : 1.5g dont sucres 0.5g<\/p>\n<p>Prot\u00e9ines : 22g<\/p>\n<p>Sel : 1.6g<\/p>\n","protected":false},"featured_media":10580,"comment_status":"closed","ping_status":"closed","template":"","meta":[],"product_cat":[194,167],"product_tag":[],"jetpack_publicize_connections":[],"_links":{"self":[{"href":"https:\/\/www.andreclaude.fr\/web\/index.php\/wp-json\/wp\/v2\/product\/10579"}],"collection":[{"href":"https:\/\/www.andreclaude.fr\/web\/index.php\/wp-json\/wp\/v2\/product"}],"about":[{"href":"https:\/\/www.andreclaude.fr\/web\/index.php\/wp-json\/wp\/v2\/types\/product"}],"replies":[{"embeddable":true,"href":"https:\/\/www.andreclaude.fr\/web\/index.php\/wp-json\/wp\/v2\/comments?post=10579"}],"wp:featuredmedia":[{"embeddable":true,"href":"https:\/\/www.andreclaude.fr\/web\/index.php\/wp-json\/wp\/v2\/media\/10580"}],"wp:attachment":[{"href":"https:\/\/www.andreclaude.fr\/web\/index.php\/wp-json\/wp\/v2\/media?parent=10579"}],"wp:term":[{"taxonomy":"product_cat","embeddable":true,"href":"https:\/\/www.andreclaude.fr\/web\/index.php\/wp-json\/wp\/v2\/product_cat?post=10579"},{"taxonomy":"product_tag","embeddable":true,"href":"https:\/\/www.andreclaude.fr\/web\/index.php\/wp-json\/wp\/v2\/product_tag?post=10579"}],"curies":[{"name":"wp","href":"https:\/\/api.w.org\/{rel}","templated":true}]}}