{"id":10545,"date":"2017-05-08T10:33:52","date_gmt":"2017-05-08T09:33:52","guid":{"rendered":"http:\/\/www.andreclaude.fr\/web\/?post_type=product&#038;p=10545"},"modified":"2023-02-07T11:03:44","modified_gmt":"2023-02-07T10:03:44","slug":"tomme-blanche-part-200grs-environ","status":"publish","type":"product","link":"https:\/\/www.andreclaude.fr\/web\/index.php\/produit\/tomme-blanche-part-200grs-environ\/","title":{"rendered":"Tomme blanche part environ 350 grs"},"content":{"rendered":"<p>Distribu\u00e9 par GRAL Grancoeur 58500 Clamecy<\/p>\n<p>&nbsp;<\/p>\n","protected":false},"excerpt":{"rendered":"<p>Son go\u00fbt tr\u00e8s doux, l\u00e9g\u00e8rement acidul\u00e9 et sal\u00e9 s\u00e9duira le plus grand nombre!!!<\/p>\n<div class=\"copy-paste-block\">La tomme blanche\u00a0est un fromage \u00e0 p\u00e2te fraiche fait \u00e0 partir d\u2019une\u00a0faisselle\u00a0compos\u00e9 de\u00a0lait caill\u00e9\u00a0avec de la\u00a0pr\u00e9sure, elle est \u00e9labor\u00e9e en Savoie. La fabrication de ce fromage se fait \u00e0 partir du caill\u00e9 pr\u00e9lev\u00e9 en d\u00e9but d\u2019op\u00e9ration de d\u00e9-caillage.<\/div>\n<div class=\"copy-paste-block\"><\/div>\n<div class=\"copy-paste-block\">Ingr\u00e9dients : <strong>lait<\/strong> pasteuris\u00e9 de vache (origine France), sel, enzyme coagulante, ferments <strong>lactiques<\/strong><\/div>\n<div class=\"copy-paste-block\">Fabriqu\u00e9 et conditionn\u00e9 dans un atelier utilisant du lait de vache et de brebis<\/div>\n<div class=\"copy-paste-block\">31290 Villefranche de Lauragais<\/div>\n<div class=\"copy-paste-block\"><\/div>\n<div class=\"copy-paste-block\">Valeurs nutritionnelles moyennes pour 100 g<\/div>\n<div class=\"copy-paste-block\"><\/div>\n<div class=\"copy-paste-block\">Energie : 1356kj\/327kcal<\/div>\n<div class=\"copy-paste-block\">Mati\u00e8res grasses : 27g dont acides gras satur\u00e9s :c19g<\/div>\n<div class=\"copy-paste-block\">Glucides : 1g dont sucres 0.5g<\/div>\n<div class=\"copy-paste-block\">Prot\u00e9ines : 20g<\/div>\n<div class=\"copy-paste-block\">Sel : 1.6g<\/div>\n<div class=\"copy-paste-block\"><\/div>\n<div class=\"copy-paste-block\"><\/div>\n","protected":false},"featured_media":10547,"comment_status":"closed","ping_status":"closed","template":"","meta":[],"product_cat":[194,167],"product_tag":[],"jetpack_publicize_connections":[],"_links":{"self":[{"href":"https:\/\/www.andreclaude.fr\/web\/index.php\/wp-json\/wp\/v2\/product\/10545"}],"collection":[{"href":"https:\/\/www.andreclaude.fr\/web\/index.php\/wp-json\/wp\/v2\/product"}],"about":[{"href":"https:\/\/www.andreclaude.fr\/web\/index.php\/wp-json\/wp\/v2\/types\/product"}],"replies":[{"embeddable":true,"href":"https:\/\/www.andreclaude.fr\/web\/index.php\/wp-json\/wp\/v2\/comments?post=10545"}],"wp:featuredmedia":[{"embeddable":true,"href":"https:\/\/www.andreclaude.fr\/web\/index.php\/wp-json\/wp\/v2\/media\/10547"}],"wp:attachment":[{"href":"https:\/\/www.andreclaude.fr\/web\/index.php\/wp-json\/wp\/v2\/media?parent=10545"}],"wp:term":[{"taxonomy":"product_cat","embeddable":true,"href":"https:\/\/www.andreclaude.fr\/web\/index.php\/wp-json\/wp\/v2\/product_cat?post=10545"},{"taxonomy":"product_tag","embeddable":true,"href":"https:\/\/www.andreclaude.fr\/web\/index.php\/wp-json\/wp\/v2\/product_tag?post=10545"}],"curies":[{"name":"wp","href":"https:\/\/api.w.org\/{rel}","templated":true}]}}