{"id":7911,"date":"2016-02-01T08:32:55","date_gmt":"2016-02-01T07:32:55","guid":{"rendered":"http:\/\/www.andreclaude.fr\/web\/?page_id=7911"},"modified":"2021-02-26T18:22:25","modified_gmt":"2021-02-26T17:22:25","slug":"historique-des-entreprises","status":"publish","type":"page","link":"https:\/\/www.andreclaude.fr\/web\/index.php\/historique-des-entreprises\/","title":{"rendered":"Historique des entreprises"},"content":{"rendered":"<p style=\"text-align: justify;\">La SARL ANDRE Claude a \u00e9t\u00e9 cr\u00e9\u00e9e en 1985 par Monsieur ANDRE Claude, sp\u00e9cialiste du produit frais depuis 1960. D\u00e9m\u00e9nagement de la soci\u00e9t\u00e9 en 2005 au 40 rue du Mar\u00e9chal Leclerc \u00e0 Luc\u00e9. Reprise par St\u00e9phane ANDRE en 2006. C\u2019est une affaire familiale, toujours en pleine \u00e9volution, qui vous propose une surface de vente d\u2019environ 300 M2 reliant un large choix de fruits et l\u00e9gumes, fromages, vins et spiritueux et \u00e9picerie fine. Gardant l\u2019esprit d\u2019autrefois, avec sa vente traditionnelle, c\u2019est une \u00e9quipe compos\u00e9e de 16 vendeurs qui vous serviront et vous conseilleront au mieux. Depuis 2013, nous vous proposons un nouveau service : passer vos commandes par internet avec la possibilit\u00e9 de venir retirer votre commande en magasin ou de vous faire livrer \u00e0 domicile ou sur votre lieu de travail.<\/p>\n<p style=\"text-align: justify;\">La SAS PASSION FRUITS a \u00e9t\u00e9 cr\u00e9\u00e9e en 2013 par St\u00e9phane et Emmanuelle ANDRE, sp\u00e9cialiste du produit frais depuis 1988. Magasin d&rsquo;une surface de vente d\u2019environ 600 M2 reliant un large choix de fruits et l\u00e9gumes, vins et spiritueux et \u00e9picerie fine en libre service et d&rsquo;un rayon fromages en vente traditionnelle, c\u2019est une \u00e9quipe compos\u00e9e de 9 salari\u00e9s qui vous conseilleront au mieux. Possibilit\u00e9 de faire vos commandes par internet pour un retrait en magasin.<\/p>\n","protected":false},"excerpt":{"rendered":"<p>La SARL ANDRE Claude a \u00e9t\u00e9 cr\u00e9\u00e9e en 1985 par Monsieur ANDRE Claude, sp\u00e9cialiste du produit frais depuis 1960. D\u00e9m\u00e9nagement de la soci\u00e9t\u00e9 en 2005 au 40 rue du Mar\u00e9chal Leclerc \u00e0 Luc\u00e9. Reprise par St\u00e9phane ANDRE en 2006. C\u2019est une affaire familiale, toujours en pleine \u00e9volution, qui vous propose une surface de vente d\u2019environ [&hellip;]<\/p>\n","protected":false},"author":1,"featured_media":0,"parent":0,"menu_order":0,"comment_status":"closed","ping_status":"closed","template":"","meta":[],"_links":{"self":[{"href":"https:\/\/www.andreclaude.fr\/web\/index.php\/wp-json\/wp\/v2\/pages\/7911"}],"collection":[{"href":"https:\/\/www.andreclaude.fr\/web\/index.php\/wp-json\/wp\/v2\/pages"}],"about":[{"href":"https:\/\/www.andreclaude.fr\/web\/index.php\/wp-json\/wp\/v2\/types\/page"}],"author":[{"embeddable":true,"href":"https:\/\/www.andreclaude.fr\/web\/index.php\/wp-json\/wp\/v2\/users\/1"}],"replies":[{"embeddable":true,"href":"https:\/\/www.andreclaude.fr\/web\/index.php\/wp-json\/wp\/v2\/comments?post=7911"}],"version-history":[{"count":5,"href":"https:\/\/www.andreclaude.fr\/web\/index.php\/wp-json\/wp\/v2\/pages\/7911\/revisions"}],"predecessor-version":[{"id":8001,"href":"https:\/\/www.andreclaude.fr\/web\/index.php\/wp-json\/wp\/v2\/pages\/7911\/revisions\/8001"}],"wp:attachment":[{"href":"https:\/\/www.andreclaude.fr\/web\/index.php\/wp-json\/wp\/v2\/media?parent=7911"}],"curies":[{"name":"wp","href":"https:\/\/api.w.org\/{rel}","templated":true}]}}